{"id":2971,"date":"2026-03-25T21:53:32","date_gmt":"2026-03-25T20:53:32","guid":{"rendered":"https:\/\/inm-zwickau.de\/danielo\/produkt\/i-am-bear-vers-farben-2\/"},"modified":"2026-03-25T21:57:04","modified_gmt":"2026-03-25T20:57:04","slug":"i-am-bear-vers-farben-2","status":"publish","type":"product","link":"https:\/\/inm-zwickau.de\/danielo\/produkt\/i-am-bear-vers-farben-2\/","title":{"rendered":"I am Bear (vers. Farben)"},"content":{"rendered":"<p>Ein robustes und warmes Sweatshirt, das dich in den k\u00e4lteren Monaten warm h\u00e4lt. Ein vorgeschrumpfter Pullover mit klassischer Passform aus Airjet-Garn f\u00fcr ein weiches Tragegef\u00fchl.<\/p>\n<p>\u2022 50 % Baumwolle, 50 % Polyester<br \/>\n\u2022 Vorgeschrumpft<br \/>\n\u2022 Klassischer Schnitt<br \/>\n\u2022 1&#215;1-Sport-Rippenkragen aus Elastan<br \/>\n\u2022 Airjet-Spinngarn mit weichem Tragegef\u00fchl<br \/>\n\u2022 Doppelt gen\u00e4hter Kragen, Schultern, Armausschnitte, B\u00fcndchen und Saum<\/p>\n<p>Haftungsausschluss:<br \/>\n\u2022 Aufgrund der Stoffeigenschaften kann die Farbvariante White eher cremefarben als hellwei\u00df erscheinen.<br \/>\n\u2022 Subtile orangefarbene Farbtonverschiebungen durch Beleuchtung in der Farbvariante Orange.<\/p>\n<p>Age restrictions: F\u00fcr Erwachsene<br \/>\nEU Warranty: 2 Jahre<br \/>\nOther compliance information: Erf\u00fcllt die Anforderungen bez\u00fcglich Entflammbarkeit, Blei, Cadmium, Bisphenole und Phthalate.<\/p>\n<p>In \u00dcbereinstimmung mit der Allgemeinen Produktsicherheitsverordnung (GPSR) gew\u00e4hrleistet <b>INM International New Markets GmbH<\/b>, dass alle angebotenen Verbraucherprodukte sicher sind und den EU-Standards entsprechen. Mit Fragen oder Bedenken bez\u00fcglich der Produktsicherheit kontaktiere uns bitte unter <b>fashion@inm-zwickau.de<\/b>oder auf dem Postweg an <b>Gewerbestra\u00dfe 19, 08115 Lichtentanne.<b \/><\/p>\n","protected":false},"excerpt":{"rendered":"<p>Ein robustes und warmes Sweatshirt, das dich in den k\u00e4lteren Monaten warm h\u00e4lt. Ein vorgeschrumpfter Pullover mit klassischer Passform aus Airjet-Garn f\u00fcr ein weiches Tragegef\u00fchl. \u2022 50 % Baumwolle, 50 % Polyester \u2022 Vorgeschrumpft \u2022 Klassischer Schnitt \u2022 1&#215;1-Sport-Rippenkragen aus Elastan \u2022 Airjet-Spinngarn mit weichem Tragegef\u00fchl \u2022 Doppelt gen\u00e4hter Kragen, Schultern, Armausschnitte, B\u00fcndchen und Saum Haftungsausschluss: \u2022 Aufgrund der Stoffeigenschaften kann die Farbvariante White eher cremefarben als hellwei\u00df erscheinen. \u2022&hellip;<\/p>\n","protected":false},"featured_media":3073,"comment_status":"open","ping_status":"closed","template":"","meta":[],"product_brand":[],"product_cat":[44,53],"product_tag":[],"class_list":{"0":"post-2971","1":"product","2":"type-product","3":"status-publish","4":"has-post-thumbnail","6":"product_cat-herren","7":"product_cat-pullover-herren","9":"first","10":"instock","11":"taxable","12":"shipping-taxable","13":"purchasable","14":"product-type-variable"},"_links":{"self":[{"href":"https:\/\/inm-zwickau.de\/danielo\/wp-json\/wp\/v2\/product\/2971","targetHints":{"allow":["GET"]}}],"collection":[{"href":"https:\/\/inm-zwickau.de\/danielo\/wp-json\/wp\/v2\/product"}],"about":[{"href":"https:\/\/inm-zwickau.de\/danielo\/wp-json\/wp\/v2\/types\/product"}],"replies":[{"embeddable":true,"href":"https:\/\/inm-zwickau.de\/danielo\/wp-json\/wp\/v2\/comments?post=2971"}],"wp:featuredmedia":[{"embeddable":true,"href":"https:\/\/inm-zwickau.de\/danielo\/wp-json\/wp\/v2\/media\/3073"}],"wp:attachment":[{"href":"https:\/\/inm-zwickau.de\/danielo\/wp-json\/wp\/v2\/media?parent=2971"}],"wp:term":[{"taxonomy":"product_brand","embeddable":true,"href":"https:\/\/inm-zwickau.de\/danielo\/wp-json\/wp\/v2\/product_brand?post=2971"},{"taxonomy":"product_cat","embeddable":true,"href":"https:\/\/inm-zwickau.de\/danielo\/wp-json\/wp\/v2\/product_cat?post=2971"},{"taxonomy":"product_tag","embeddable":true,"href":"https:\/\/inm-zwickau.de\/danielo\/wp-json\/wp\/v2\/product_tag?post=2971"}],"curies":[{"name":"wp","href":"https:\/\/api.w.org\/{rel}","templated":true}]}}