{"id":2337,"date":"2026-03-25T17:51:22","date_gmt":"2026-03-25T16:51:22","guid":{"rendered":"https:\/\/inm-zwickau.de\/danielo\/produkt\/i-see-bull-markets-2\/"},"modified":"2026-03-25T17:58:37","modified_gmt":"2026-03-25T16:58:37","slug":"i-see-bull-markets-2","status":"publish","type":"product","link":"https:\/\/inm-zwickau.de\/danielo\/produkt\/i-see-bull-markets-2\/","title":{"rendered":"I see Bull Markets (vers. Farben)"},"content":{"rendered":"<p>Einen kuscheligen Kapuzenpullover braucht einfach jeder! Entscheide dich f\u00fcr diesen, denn er ist angenehm weich und stilvoll \u2013 die perfekte Wahl f\u00fcr k\u00fchlere Abende!<\/p>\n<p>\u2022 50 % vorgeschrumpfte Baumwolle, 50 % Polyester;<br \/>\nAusf\u00fchrung Heather Sport Dark Navy: 40 % Baumwolle, 60 % Polyester<br \/>\n\u2022 Stoffgewicht: 8,0 oz\/yd\u00b2 (271,25 g\/m\u00b2)<br \/>\n\u2022 Luftd\u00fcsengarn f\u00fcr weiches Tragegef\u00fchl und reduziertes Pilling<br \/>\n\u2022 Doppelt gef\u00fctterte Kapuze mit passendem Kordelzug<br \/>\n\u2022 Viertelgedrehter Rumpf gegen Faltenbildung in der Mitte<br \/>\n\u2022 Sportliche 1&#215;1-Rippstrickb\u00fcndchen und Elastan-Bund<br \/>\n\u2022 Vordertasche<br \/>\n\u2022 Kragen, Schultern, Armausschnitte, B\u00fcndchen und Saum doppelt gen\u00e4ht<br \/>\n\u2022 Rohprodukt bezogen aus Bangladesch, Nicaragua, Honduras oder El Salvador<\/p>\n<p>Disclaimer: Aufgrund der Stoffeigenschaften kann die Farbe White eher cremewei\u00df als strahlend wei\u00df erscheinen.<\/p>\n<p>Age restrictions: F\u00fcr Erwachsene<br \/>\nEU Warranty: 2 Jahre<br \/>\nOther compliance information: Erf\u00fcllt die Anforderungen bez\u00fcglich Formaldehyde, Entflammbarkeit, Blei, Cadmium und Phthalate.<\/p>\n<p>In \u00dcbereinstimmung mit der Allgemeinen Produktsicherheitsverordnung (GPSR) gew\u00e4hrleistet <b>INM International New Markets GmbH<\/b>, dass alle angebotenen Verbraucherprodukte sicher sind und den EU-Standards entsprechen. Mit Fragen oder Bedenken bez\u00fcglich der Produktsicherheit kontaktiere uns bitte unter <b>fashion@inm-zwickau.de<\/b>oder auf dem Postweg an <b>Gewerbestra\u00dfe 19, 08115 Lichtentanne.<b><\/b><\/b><\/p>\n","protected":false},"excerpt":{"rendered":"<p>Einen kuscheligen Kapuzenpullover braucht einfach jeder! Entscheide dich f\u00fcr diesen, denn er ist angenehm weich und stilvoll \u2013 die perfekte Wahl f\u00fcr k\u00fchlere Abende! \u2022 50 % vorgeschrumpfte Baumwolle, 50 % Polyester; Ausf\u00fchrung Heather Sport Dark Navy: 40 % Baumwolle, 60 % Polyester \u2022 Stoffgewicht: 8,0 oz\/yd\u00b2 (271,25 g\/m\u00b2) \u2022 Luftd\u00fcsengarn f\u00fcr weiches Tragegef\u00fchl und reduziertes Pilling \u2022 Doppelt gef\u00fctterte Kapuze mit passendem Kordelzug \u2022 Viertelgedrehter Rumpf gegen Faltenbildung in&hellip;<\/p>\n","protected":false},"featured_media":2448,"comment_status":"open","ping_status":"closed","template":"","meta":[],"product_brand":[],"product_cat":[44,56],"product_tag":[],"class_list":{"0":"post-2337","1":"product","2":"type-product","3":"status-publish","4":"has-post-thumbnail","6":"product_cat-herren","7":"product_cat-hoodie-herren","9":"first","10":"instock","11":"taxable","12":"shipping-taxable","13":"purchasable","14":"product-type-variable"},"_links":{"self":[{"href":"https:\/\/inm-zwickau.de\/danielo\/wp-json\/wp\/v2\/product\/2337","targetHints":{"allow":["GET"]}}],"collection":[{"href":"https:\/\/inm-zwickau.de\/danielo\/wp-json\/wp\/v2\/product"}],"about":[{"href":"https:\/\/inm-zwickau.de\/danielo\/wp-json\/wp\/v2\/types\/product"}],"replies":[{"embeddable":true,"href":"https:\/\/inm-zwickau.de\/danielo\/wp-json\/wp\/v2\/comments?post=2337"}],"wp:featuredmedia":[{"embeddable":true,"href":"https:\/\/inm-zwickau.de\/danielo\/wp-json\/wp\/v2\/media\/2448"}],"wp:attachment":[{"href":"https:\/\/inm-zwickau.de\/danielo\/wp-json\/wp\/v2\/media?parent=2337"}],"wp:term":[{"taxonomy":"product_brand","embeddable":true,"href":"https:\/\/inm-zwickau.de\/danielo\/wp-json\/wp\/v2\/product_brand?post=2337"},{"taxonomy":"product_cat","embeddable":true,"href":"https:\/\/inm-zwickau.de\/danielo\/wp-json\/wp\/v2\/product_cat?post=2337"},{"taxonomy":"product_tag","embeddable":true,"href":"https:\/\/inm-zwickau.de\/danielo\/wp-json\/wp\/v2\/product_tag?post=2337"}],"curies":[{"name":"wp","href":"https:\/\/api.w.org\/{rel}","templated":true}]}}