{"id":1421,"date":"2026-03-19T22:29:55","date_gmt":"2026-03-19T21:29:55","guid":{"rendered":"https:\/\/inm-zwickau.de\/danielo\/produkt\/next-generation-steuerberater\/"},"modified":"2026-03-25T17:59:23","modified_gmt":"2026-03-25T16:59:23","slug":"next-generation-steuerberater","status":"publish","type":"product","link":"https:\/\/inm-zwickau.de\/danielo\/produkt\/next-generation-steuerberater\/","title":{"rendered":"Next Generation Steuerberater (vers. Farben)"},"content":{"rendered":"<p>Das klassische Unisex-T-Shirt aus 100 % Baumwolle sorgt f\u00fcr eine gerade Linie. Es sitzt sch\u00f6n, beh\u00e4lt klare Linien an den Kanten und passt perfekt zu mehrschichtigen Streetwear-Outfits. Au\u00dferdem ist es jetzt besonders im Trend! <\/p>\n<p>\u2022 100 % Baumwolle <br \/>\n\u2022 Sport Grey besteht zu 90 % aus Baumwolle und 10 % aus Polyester<br \/>\n\u2022 Ash Grey besteht zu 99 % aus Baumwolle, 1 % Polyester<br \/>\n\u2022 Heather-Farben bestehen aus 50 % Baumwolle und 50 % Polyester<br \/>\n\u2022 Stoffgewicht: 170-180 g\/m\u00b2 (5,0\u20135,3 oz\/yd\u00b2) <br \/>\n\u2022 Offenes Garn<br \/>\n\u2022 Schlauchgewebe<br \/>\n\u2022 Bandagierter Nacken und Schulter  <br \/>\n\u2022 Doppelnaht an \u00c4rmeln und unterem Saum  <br \/>\n\u2022 Rohprodukt aus Honduras, Nicaragua, Haiti, der Dominikanischen Republik, Bangladesch, Mexiko<\/p>\n<p>Disclaimer:<br \/>\n\u2022 Aufgrund der Stoffeigenschaften kann die Farbe White eher cremewei\u00df als strahlend wei\u00df erscheinen.  <br \/>\n\u2022 Bei der Farbe Natural sind dunkle Farbpigmente im Stoff zu erwarten.<\/p>\n<p>Age restrictions: F\u00fcr Erwachsene<br \/>\nEU Warranty: 2 Jahre<br \/>\nOther compliance information: Erf\u00fcllt die Anforderungen bez\u00fcglich Entflammbarkeit, Blei, Cadmium, Phthalate und Formaldehyd.<\/p>\n<p>In \u00dcbereinstimmung mit der Allgemeinen Produktsicherheitsverordnung (GPSR) gew\u00e4hrleistet <b>INM International New Markets GmbH<\/b>, dass alle angebotenen Verbraucherprodukte sicher sind und den EU-Standards entsprechen. Mit Fragen oder Bedenken bez\u00fcglich der Produktsicherheit kontaktiere uns bitte unter <b>fashion@inm-zwickau.de<\/b>oder auf dem Postweg an <b>Gewerbestrae 19, 08115 Lichtentanne.<b \/><\/p>\n","protected":false},"excerpt":{"rendered":"<p>Das klassische Unisex-T-Shirt aus 100 % Baumwolle sorgt f\u00fcr eine gerade Linie. Es sitzt sch\u00f6n, beh\u00e4lt klare Linien an den Kanten und passt perfekt zu mehrschichtigen Streetwear-Outfits. Au\u00dferdem ist es jetzt besonders im Trend! \u2022 100 % Baumwolle \u2022 Sport Grey besteht zu 90 % aus Baumwolle und 10 % aus Polyester \u2022 Ash Grey besteht zu 99 % aus Baumwolle, 1 % Polyester \u2022 Heather-Farben bestehen aus 50 %&hellip;<\/p>\n","protected":false},"featured_media":1506,"comment_status":"open","ping_status":"closed","template":"","meta":[],"product_brand":[],"product_cat":[44,50],"product_tag":[],"class_list":{"0":"post-1421","1":"product","2":"type-product","3":"status-publish","4":"has-post-thumbnail","6":"product_cat-herren","7":"product_cat-t-shirts-herren","9":"first","10":"instock","11":"taxable","12":"shipping-taxable","13":"purchasable","14":"product-type-variable"},"_links":{"self":[{"href":"https:\/\/inm-zwickau.de\/danielo\/wp-json\/wp\/v2\/product\/1421","targetHints":{"allow":["GET"]}}],"collection":[{"href":"https:\/\/inm-zwickau.de\/danielo\/wp-json\/wp\/v2\/product"}],"about":[{"href":"https:\/\/inm-zwickau.de\/danielo\/wp-json\/wp\/v2\/types\/product"}],"replies":[{"embeddable":true,"href":"https:\/\/inm-zwickau.de\/danielo\/wp-json\/wp\/v2\/comments?post=1421"}],"wp:featuredmedia":[{"embeddable":true,"href":"https:\/\/inm-zwickau.de\/danielo\/wp-json\/wp\/v2\/media\/1506"}],"wp:attachment":[{"href":"https:\/\/inm-zwickau.de\/danielo\/wp-json\/wp\/v2\/media?parent=1421"}],"wp:term":[{"taxonomy":"product_brand","embeddable":true,"href":"https:\/\/inm-zwickau.de\/danielo\/wp-json\/wp\/v2\/product_brand?post=1421"},{"taxonomy":"product_cat","embeddable":true,"href":"https:\/\/inm-zwickau.de\/danielo\/wp-json\/wp\/v2\/product_cat?post=1421"},{"taxonomy":"product_tag","embeddable":true,"href":"https:\/\/inm-zwickau.de\/danielo\/wp-json\/wp\/v2\/product_tag?post=1421"}],"curies":[{"name":"wp","href":"https:\/\/api.w.org\/{rel}","templated":true}]}}